{"id":4248,"date":"2025-03-03T12:48:19","date_gmt":"2025-03-03T17:48:19","guid":{"rendered":"https:\/\/locationdd.ca\/?page_id=4248"},"modified":"2025-03-14T16:22:10","modified_gmt":"2025-03-14T21:22:10","slug":"sell-car","status":"publish","type":"page","link":"https:\/\/locationdd.ca\/fr\/sell-car\/","title":{"rendered":"Vendre une voiture"},"content":{"rendered":"<style>.elementor-4248 .elementor-element.elementor-element-4344407{--display:flex;--min-height:80vh;--flex-direction:row;--container-widget-width:initial;--container-widget-height:100%;--container-widget-flex-grow:1;--container-widget-align-self:stretch;--flex-wrap-mobile:wrap;--overlay-opacity:0.5;}.elementor-4248 .elementor-element.elementor-element-4344407:not(.elementor-motion-effects-element-type-background), .elementor-4248 .elementor-element.elementor-element-4344407 > .elementor-motion-effects-container > .elementor-motion-effects-layer{background-image:url(\"https:\/\/locationdd.ca\/wp-content\/uploads\/2025\/03\/man-buying-a-car-at-a-showroom.jpg\");background-position:center center;background-repeat:no-repeat;background-size:cover;}.elementor-4248 .elementor-element.elementor-element-4344407::before, .elementor-4248 .elementor-element.elementor-element-4344407 > .elementor-background-video-container::before, .elementor-4248 .elementor-element.elementor-element-4344407 > .e-con-inner > .elementor-background-video-container::before, .elementor-4248 .elementor-element.elementor-element-4344407 > .elementor-background-slideshow::before, .elementor-4248 .elementor-element.elementor-element-4344407 > .e-con-inner > .elementor-background-slideshow::before, .elementor-4248 .elementor-element.elementor-element-4344407 > .elementor-motion-effects-container > .elementor-motion-effects-layer::before{background-color:#000000;--background-overlay:'';}.elementor-4248 .elementor-element.elementor-element-402191f{--display:flex;--justify-content:center;}.elementor-widget-divider{--divider-color:var( --e-global-color-secondary );}.elementor-widget-divider .elementor-divider__text{color:var( --e-global-color-secondary );font-weight:var( --e-global-typography-secondary-font-weight );}.elementor-widget-divider.elementor-view-stacked .elementor-icon{background-color:var( --e-global-color-secondary );}.elementor-widget-divider.elementor-view-framed .elementor-icon, .elementor-widget-divider.elementor-view-default .elementor-icon{color:var( --e-global-color-secondary );border-color:var( --e-global-color-secondary );}.elementor-widget-divider.elementor-view-framed .elementor-icon, .elementor-widget-divider.elementor-view-default .elementor-icon svg{fill:var( --e-global-color-secondary );}.elementor-4248 .elementor-element.elementor-element-c206598{--divider-border-style:x_tribal;--divider-color:var( --e-global-color-7cdf881 );--divider-pattern-height:20px;}.elementor-4248 .elementor-element.elementor-element-c206598 .elementor-divider-separator{width:14%;}.elementor-4248 .elementor-element.elementor-element-c206598 .elementor-divider{padding-block-start:15px;padding-block-end:15px;}.elementor-widget-heading .elementor-heading-title{font-weight:var( --e-global-typography-primary-font-weight );color:var( --e-global-color-primary );}.elementor-4248 .elementor-element.elementor-element-5bfd630{margin:0px 0px calc(var(--kit-widget-spacing, 0px) + 0px) 0px;text-align:left;}.elementor-4248 .elementor-element.elementor-element-5bfd630 .elementor-heading-title{font-family:\"Lexend Deca\", Sans-serif;font-size:70px;font-weight:600;text-transform:none;line-height:1.2em;color:#FFFFFF;}.elementor-widget-text-editor{font-family:var( --e-global-typography-text-font-family ), Sans-serif;font-size:var( --e-global-typography-text-font-size );font-weight:var( --e-global-typography-text-font-weight );line-height:var( --e-global-typography-text-line-height );color:var( --e-global-color-text );}.elementor-widget-text-editor.elementor-drop-cap-view-stacked .elementor-drop-cap{background-color:var( --e-global-color-primary );}.elementor-widget-text-editor.elementor-drop-cap-view-framed .elementor-drop-cap, .elementor-widget-text-editor.elementor-drop-cap-view-default .elementor-drop-cap{color:var( --e-global-color-primary );border-color:var( --e-global-color-primary );}.elementor-4248 .elementor-element.elementor-element-6d03584{margin:0px 0px calc(var(--kit-widget-spacing, 0px) + 40px) 0px;font-family:\"Poppins\", Sans-serif;font-size:18px;font-weight:400;color:#D3D3D3;}.elementor-widget-icon-list .elementor-icon-list-item:not(:last-child):after{border-color:var( --e-global-color-text );}.elementor-widget-icon-list .elementor-icon-list-icon i{color:var( --e-global-color-primary );}.elementor-widget-icon-list .elementor-icon-list-icon svg{fill:var( --e-global-color-primary );}.elementor-widget-icon-list .elementor-icon-list-item > .elementor-icon-list-text, .elementor-widget-icon-list .elementor-icon-list-item > a{font-family:var( --e-global-typography-text-font-family ), Sans-serif;font-size:var( --e-global-typography-text-font-size );font-weight:var( --e-global-typography-text-font-weight );line-height:var( --e-global-typography-text-line-height );}.elementor-widget-icon-list .elementor-icon-list-text{color:var( --e-global-color-secondary );}.elementor-4248 .elementor-element.elementor-element-c62c408{background-color:var( --e-global-color-0d1f28c );padding:3% 3% 3% 3%;border-radius:0px 20px 0px 20px;--e-icon-list-icon-size:25px;--icon-vertical-offset:0px;}.elementor-4248 .elementor-element.elementor-element-c62c408.elementor-element{--align-self:flex-start;}.elementor-4248 .elementor-element.elementor-element-c62c408 .elementor-icon-list-items:not(.elementor-inline-items) .elementor-icon-list-item:not(:last-child){padding-block-end:calc(50px\/2);}.elementor-4248 .elementor-element.elementor-element-c62c408 .elementor-icon-list-items:not(.elementor-inline-items) .elementor-icon-list-item:not(:first-child){margin-block-start:calc(50px\/2);}.elementor-4248 .elementor-element.elementor-element-c62c408 .elementor-icon-list-items.elementor-inline-items .elementor-icon-list-item{margin-inline:calc(50px\/2);}.elementor-4248 .elementor-element.elementor-element-c62c408 .elementor-icon-list-items.elementor-inline-items{margin-inline:calc(-50px\/2);}.elementor-4248 .elementor-element.elementor-element-c62c408 .elementor-icon-list-items.elementor-inline-items .elementor-icon-list-item:after{inset-inline-end:calc(-50px\/2);}.elementor-4248 .elementor-element.elementor-element-c62c408 .elementor-icon-list-item:not(:last-child):after{content:\"\";border-color:#ddd;}.elementor-4248 .elementor-element.elementor-element-c62c408 .elementor-icon-list-items:not(.elementor-inline-items) .elementor-icon-list-item:not(:last-child):after{border-block-start-style:solid;border-block-start-width:1px;}.elementor-4248 .elementor-element.elementor-element-c62c408 .elementor-icon-list-items.elementor-inline-items .elementor-icon-list-item:not(:last-child):after{border-inline-start-style:solid;}.elementor-4248 .elementor-element.elementor-element-c62c408 .elementor-inline-items .elementor-icon-list-item:not(:last-child):after{border-inline-start-width:1px;}.elementor-4248 .elementor-element.elementor-element-c62c408 .elementor-icon-list-icon i{color:#FFCB00;transition:color 0.3s;}.elementor-4248 .elementor-element.elementor-element-c62c408 .elementor-icon-list-icon svg{fill:#FFCB00;transition:fill 0.3s;}.elementor-4248 .elementor-element.elementor-element-c62c408 .elementor-icon-list-item > .elementor-icon-list-text, .elementor-4248 .elementor-element.elementor-element-c62c408 .elementor-icon-list-item > a{font-size:22px;}.elementor-4248 .elementor-element.elementor-element-c62c408 .elementor-icon-list-text{color:#FFFFFF;transition:color 0.3s;}.elementor-4248 .elementor-element.elementor-element-4a0a1eb{--display:flex;--justify-content:center;--padding-top:5%;--padding-bottom:5%;--padding-left:5%;--padding-right:0%;}@media(min-width:768px){.elementor-4248 .elementor-element.elementor-element-4a0a1eb{--width:60%;}}@media(min-width:1367px){.elementor-4248 .elementor-element.elementor-element-4344407:not(.elementor-motion-effects-element-type-background), .elementor-4248 .elementor-element.elementor-element-4344407 > .elementor-motion-effects-container > .elementor-motion-effects-layer{background-attachment:scroll;}}@media(max-width:1366px){.elementor-widget-text-editor{font-size:var( --e-global-typography-text-font-size );line-height:var( --e-global-typography-text-line-height );}.elementor-widget-icon-list .elementor-icon-list-item > .elementor-icon-list-text, .elementor-widget-icon-list .elementor-icon-list-item > a{font-size:var( --e-global-typography-text-font-size );line-height:var( --e-global-typography-text-line-height );}}@media(max-width:1024px){.elementor-4248 .elementor-element.elementor-element-5bfd630{text-align:center;}.elementor-4248 .elementor-element.elementor-element-5bfd630 .elementor-heading-title{font-size:40px;}.elementor-widget-text-editor{font-size:var( --e-global-typography-text-font-size );line-height:var( --e-global-typography-text-line-height );}.elementor-4248 .elementor-element.elementor-element-6d03584{font-size:15px;line-height:1.6em;}.elementor-widget-icon-list .elementor-icon-list-item > .elementor-icon-list-text, .elementor-widget-icon-list .elementor-icon-list-item > a{font-size:var( --e-global-typography-text-font-size );line-height:var( --e-global-typography-text-line-height );}}@media(max-width:767px){.elementor-4248 .elementor-element.elementor-element-4344407{--overlay-opacity:0.68;--padding-top:7%;--padding-bottom:7%;--padding-left:7%;--padding-right:7%;}.elementor-4248 .elementor-element.elementor-element-402191f{--margin-top:0px;--margin-bottom:0px;--margin-left:0px;--margin-right:0px;}.elementor-4248 .elementor-element.elementor-element-c206598 .elementor-divider-separator{width:20%;}.elementor-4248 .elementor-element.elementor-element-5bfd630 .elementor-heading-title{font-size:35px;}.elementor-widget-text-editor{font-size:var( --e-global-typography-text-font-size );line-height:var( --e-global-typography-text-line-height );}.elementor-4248 .elementor-element.elementor-element-6d03584{text-align:center;font-size:14px;}.elementor-widget-icon-list .elementor-icon-list-item > .elementor-icon-list-text, .elementor-widget-icon-list .elementor-icon-list-item > a{font-size:var( --e-global-typography-text-font-size );line-height:var( --e-global-typography-text-line-height );}.elementor-4248 .elementor-element.elementor-element-c62c408{--e-icon-list-icon-size:13px;}.elementor-4248 .elementor-element.elementor-element-c62c408 .elementor-icon-list-item > .elementor-icon-list-text, .elementor-4248 .elementor-element.elementor-element-c62c408 .elementor-icon-list-item > a{font-size:8px;}.elementor-4248 .elementor-element.elementor-element-4a0a1eb{--padding-top:0%;--padding-bottom:0%;--padding-left:0%;--padding-right:0%;}}<\/style>\t\t<div data-elementor-type=\"wp-page\" data-elementor-id=\"4248\" class=\"elementor elementor-4248\">\n\t\t\t\t<div class=\"elementor-element elementor-element-4344407 e-flex e-con-boxed e-con e-parent\" data-id=\"4344407\" data-element_type=\"container\" data-settings=\"{&quot;background_background&quot;:&quot;classic&quot;}\">\n\t\t\t\t\t<div class=\"e-con-inner\">\n\t\t<div class=\"elementor-element elementor-element-402191f e-con-full e-flex e-con e-child\" data-id=\"402191f\" data-element_type=\"container\">\n\t\t\t\t<div class=\"elementor-element elementor-element-c206598 elementor-widget-divider--separator-type-pattern elementor-widget-divider--no-spacing elementor-widget-divider--view-line elementor-widget elementor-widget-divider\" data-id=\"c206598\" data-element_type=\"widget\" data-widget_type=\"divider.default\">\n\t\t\t\t\t\t\t<div class=\"elementor-divider\" style=\"--divider-pattern-url: url(&quot;data:image\/svg+xml,%3Csvg xmlns=&#039;http:\/\/www.w3.org\/2000\/svg&#039; preserveAspectRatio=&#039;xMidYMid meet&#039; overflow=&#039;visible&#039; height=&#039;100%&#039; viewBox=&#039;0 0 126 26&#039; fill=&#039;black&#039; stroke=&#039;none&#039;%3E%3Cpath d=&#039;M10.7,6l2.5,2.6l-4,4.3l4,5.4l-2.5,1.9l-4.5-5.2l-3.9,4.2L0.7,17L4,13.1L0,8.6l2.3-1.3l3.9,3.9L10.7,6z M23.9,6.6l4.2,4.5L32,7.2l2.3,1.3l-4,4.5l3.2,3.9L32,19.1l-3.9-3.3l-4.5,4.3l-2.5-1.9l4.4-5.1l-4.2-3.9L23.9,6.6zM73.5,6L76,8.6l-4,4.3l4,5.4l-2.5,1.9l-4.5-5.2l-3.9,4.2L63.5,17l4.1-4.7L63.5,8l2.3-1.3l4.1,3.6L73.5,6z M94,6l2.5,2.6l-4,4.3l4,5.4L94,20.1l-3.9-5l-3.9,4.2L84,17l3.2-3.9L84,8.6l2.3-1.3l3.2,3.9L94,6z M106.9,6l4.5,5.1l3.9-3.9l2.3,1.3l-4,4.5l3.2,3.9l-1.6,2.1l-3.9-4.2l-4.5,5.2l-2.5-1.9l4-5.4l-4-4.3L106.9,6z M53.1,6l2.5,2.6l-4,4.3l4,4.6l-2.5,1.9l-4.5-4.5l-3.5,4.5L43.1,17l3.2-3.9l-4-4.5l2.3-1.3l3.9,3.9L53.1,6z&#039;\/%3E%3C\/svg%3E&quot;);\">\n\t\t\t<span class=\"elementor-divider-separator\">\n\t\t\t\t\t\t<\/span>\n\t\t<\/div>\n\t\t\t\t\t\t<\/div>\n\t\t\t\t<div class=\"elementor-element elementor-element-5bfd630 elementor-widget elementor-widget-heading\" data-id=\"5bfd630\" data-element_type=\"widget\" data-widget_type=\"heading.default\">\n\t\t\t\t\t<h2 class=\"elementor-heading-title elementor-size-default\">Vendez votre v\u00e9hicule<\/h2>\t\t\t\t<\/div>\n\t\t\t\t<div class=\"elementor-element elementor-element-6d03584 elementor-widget elementor-widget-text-editor\" data-id=\"6d03584\" data-element_type=\"widget\" data-widget_type=\"text-editor.default\">\n\t\t\t\t\t\t\t\t\t<p>Chez Location DD, vendre votre voiture n&#039;a jamais \u00e9t\u00e9 aussi simple. Nous vous offrons un\nservice sans tracas qui vous garantit le meilleur prix possible pour votre v\u00e9hicule. Notre \u00e9quipe\nd&#039;experts vous accompagne tout au long du processus, de l\u2019estimation de votre voiture \u00e0 la\ngestion des formalit\u00e9s administratives, afin que tout se d\u00e9roule de mani\u00e8re fluide et s\u00e9curis\u00e9e.<\/p>\t\t\t\t\t\t\t\t<\/div>\n\t\t\t\t<div class=\"elementor-element elementor-element-c62c408 elementor-icon-list--layout-inline elementor-mobile-align-center elementor-hidden-mobile elementor-list-item-link-full_width elementor-widget elementor-widget-icon-list\" data-id=\"c62c408\" data-element_type=\"widget\" data-widget_type=\"icon-list.default\">\n\t\t\t\t\t\t\t<ul class=\"elementor-icon-list-items elementor-inline-items\">\n\t\t\t\t\t\t\t<li class=\"elementor-icon-list-item elementor-inline-item\">\n\t\t\t\t\t\t\t\t\t\t\t<span class=\"elementor-icon-list-icon\">\n\t\t\t\t\t\t\t<svg xmlns=\"http:\/\/www.w3.org\/2000\/svg\" fill=\"#1C2033\" width=\"52\" height=\"52\" viewbox=\"0 0 24 24\"><path d=\"M12 10C14.2091 10 16 8.20914 16 6C16 3.79086 14.2091 2 12 2C9.79086 2 8 3.79086 8 6C8 8.20914 9.79086 10 12 10Z\"><\/path><path d=\"M9 12C6.23858 12 4 14.2386 4 17V21C4 21.5523 4.44772 22 5 22H19C19.5523 22 20 21.5523 20 21V17C20 14.2386 17.7614 12 15 12H9Z\"><\/path><\/svg>\t\t\t\t\t\t<\/span>\n\t\t\t\t\t\t\t\t\t\t<span class=\"elementor-icon-list-text\">+1 (514) 560 5554<\/span>\n\t\t\t\t\t\t\t\t\t<\/li>\n\t\t\t\t\t\t\t\t<li class=\"elementor-icon-list-item elementor-inline-item\">\n\t\t\t\t\t\t\t\t\t\t\t<span class=\"elementor-icon-list-icon\">\n\t\t\t\t\t\t\t<svg xmlns=\"http:\/\/www.w3.org\/2000\/svg\" fill=\"#1C2033\" width=\"52\" height=\"52\" viewbox=\"0 0 24 24\"><path d=\"M22 4.23126C22 2.99897 20.9926 2 19.75 2H9.25C8.00736 2 7 2.99897 7 4.23126V6.5H14.75C16.784 6.5 18.5 8.1164 18.5 10.1921V13.1563H19L20.6643 15.2194C21.1072 15.7684 22 15.4578 22 14.7548V4.23126Z\"><\/path><path d=\"M2 10.1921C2 8.98144 3.00736 8 4.25 8H14.75C15.9926 8 17 8.98144 17 10.1921V17.5789C17 18.7896 15.9926 19.7711 14.75 19.7711H5L3.33565 21.7243C2.89277 22.2637 2 21.9586 2 21.2679V10.1921ZM6.5 14C6.5 13.4477 6.05228 13 5.5 13C4.94772 13 4.5 13.4477 4.5 14C4.5 14.5523 4.94772 15 5.5 15C6.05228 15 6.5 14.5523 6.5 14ZM10.5 14C10.5 13.4477 10.0523 13 9.5 13C8.94772 13 8.5 13.4477 8.5 14C8.5 14.5523 8.94772 15 9.5 15C10.0523 15 10.5 14.5523 10.5 14ZM13.5 15C14.0523 15 14.5 14.5523 14.5 14C14.5 13.4477 14.0523 13 13.5 13C12.9477 13 12.5 13.4477 12.5 14C12.5 14.5523 12.9477 15 13.5 15Z\"><\/path><\/svg>\t\t\t\t\t\t<\/span>\n\t\t\t\t\t\t\t\t\t\t<span class=\"elementor-icon-list-text\">info@locationdd.ca<\/span>\n\t\t\t\t\t\t\t\t\t<\/li>\n\t\t\t\t\t\t<\/ul>\n\t\t\t\t\t\t<\/div>\n\t\t\t\t<\/div>\n\t\t<div class=\"elementor-element elementor-element-4a0a1eb e-con-full e-flex e-con e-child\" data-id=\"4a0a1eb\" data-element_type=\"container\">\n\t\t\t\t<\/div>\n\t\t\t\t\t<\/div>\n\t\t\t\t<\/div>\n\t\t\t\t<\/div>","protected":false},"excerpt":{"rendered":"<p>Sell you car At Location DD, selling your car has never been easier. We provide a hassle-free service that ensures you get the best possible price for your vehicle. Our team of experts will guide you through the process, offering valuation and handling paperwork, making it straightforward\u00a0and\u00a0secure. +1 (514) 560 5554 info@locationdd.ca<\/p>","protected":false},"author":2,"featured_media":0,"parent":0,"menu_order":0,"comment_status":"closed","ping_status":"closed","template":"","meta":{"footnotes":""},"class_list":["post-4248","page","type-page","status-publish","hentry"],"_links":{"self":[{"href":"https:\/\/locationdd.ca\/fr\/wp-json\/wp\/v2\/pages\/4248","targetHints":{"allow":["GET"]}}],"collection":[{"href":"https:\/\/locationdd.ca\/fr\/wp-json\/wp\/v2\/pages"}],"about":[{"href":"https:\/\/locationdd.ca\/fr\/wp-json\/wp\/v2\/types\/page"}],"author":[{"embeddable":true,"href":"https:\/\/locationdd.ca\/fr\/wp-json\/wp\/v2\/users\/2"}],"replies":[{"embeddable":true,"href":"https:\/\/locationdd.ca\/fr\/wp-json\/wp\/v2\/comments?post=4248"}],"version-history":[{"count":0,"href":"https:\/\/locationdd.ca\/fr\/wp-json\/wp\/v2\/pages\/4248\/revisions"}],"wp:attachment":[{"href":"https:\/\/locationdd.ca\/fr\/wp-json\/wp\/v2\/media?parent=4248"}],"curies":[{"name":"wp","href":"https:\/\/api.w.org\/{rel}","templated":true}]}}